{"id":8,"date":"2019-05-31T10:50:20","date_gmt":"2019-05-31T03:50:20","guid":{"rendered":"https:\/\/bds28.khowebseotop.vn\/?page_id=8"},"modified":"2021-06-15T11:53:32","modified_gmt":"2021-06-15T04:53:32","slug":"duan","status":"publish","type":"page","link":"https:\/\/iptc.vn\/sip\/duan\/","title":{"rendered":"D\u1ef1 \u00e1n"},"content":{"rendered":"<div class=\"row\"  id=\"row-2033753282\">\n\n\t<div class=\"col small-12 large-12\"  >\n\t\t<div class=\"col-inner\"  >\n\t\t\t\n\t\t\t\n\n  \n    <div class=\"row large-columns-1 medium-columns- small-columns-1\">\n  \t\t<div class=\"col post-item\" >\n\t\t\t<div class=\"col-inner\">\n\t\t\t<a href=\"https:\/\/iptc.vn\/sip\/weshare-tieu-dung-hanh-phuc-shop-share-ms-052\/\" class=\"plain\">\n\t\t\t\t<div class=\"box box-shade dark box-text-bottom box-blog-post has-hover\">\n            \t\t\t\t\t<div class=\"box-image\" style=\"width:52%;\">\n  \t\t\t\t\t\t<div class=\"image-overlay-remove image-cover\" style=\"padding-top:56%;\">\n  \t\t\t\t\t\t\t<img width=\"300\" height=\"169\" src=\"https:\/\/iptc.vn\/sip\/wp-content\/uploads\/2021\/08\/WeShare-App-2-Ng-Uyen-300x169.png\" class=\"attachment-medium size-medium wp-post-image\" alt=\"\" loading=\"lazy\" srcset=\"https:\/\/iptc.vn\/sip\/wp-content\/uploads\/2021\/08\/WeShare-App-2-Ng-Uyen-300x169.png 300w, https:\/\/iptc.vn\/sip\/wp-content\/uploads\/2021\/08\/WeShare-App-2-Ng-Uyen-1024x576.png 1024w, https:\/\/iptc.vn\/sip\/wp-content\/uploads\/2021\/08\/WeShare-App-2-Ng-Uyen-768x432.png 768w, https:\/\/iptc.vn\/sip\/wp-content\/uploads\/2021\/08\/WeShare-App-2-Ng-Uyen-1536x864.png 1536w, https:\/\/iptc.vn\/sip\/wp-content\/uploads\/2021\/08\/WeShare-App-2-Ng-Uyen-2048x1152.png 2048w\" sizes=\"(max-width: 300px) 100vw, 300px\" \/>  \t\t\t\t\t\t\t<div class=\"overlay\" style=\"background-color: rgba(0, 0, 0, 0.09)\"><\/div>  \t\t\t\t\t\t\t<div class=\"shade\"><\/div>  \t\t\t\t\t\t<\/div>\n  \t\t\t\t\t\t  \t\t\t\t\t<\/div>\n          \t\t\t\t\t<div class=\"box-text show-on-hover hover-bounce text-center is-large\" style=\"padding:10% 0px 10% 0px;\">\n\t\t\t\t\t<div class=\"box-text-inner blog-post-inner\">\n\n\t\t\t\t\t\n\t\t\t\t\t\t\t\t\t\t\t<p class=\"cat-label tag-label is-xxsmall op-7 uppercase\">\n\t\t\t\t\tD\u1ef1 \u00e1n \t\t\t\t\t<\/p>\n\t\t\t\t\t\t\t\t\t\t<h5 class=\"post-title is-large \">WeShare \u2013 Ti\u00eau d\u00f9ng h\u1ea1nh ph\u00fac (Shop &#038; Share) (MS: 052)<\/h5>\n\t\t\t\t\t\t\t\t\t\t<div class=\"is-divider\"><\/div>\n\t\t\t\t\t                    \n\t\t\t\t\t\n\t\t\t\t\t\n\t\t\t\t\t<\/div>\n\t\t\t\t\t<\/div>\n\t\t\t\t\t\t\t\t\t<\/div>\n\t\t\t\t<\/a>\n\t\t\t<\/div>\n\t\t<\/div>\n\t\t<div class=\"col post-item\" >\n\t\t\t<div class=\"col-inner\">\n\t\t\t<a href=\"https:\/\/iptc.vn\/sip\/meowing-ms-050\/\" class=\"plain\">\n\t\t\t\t<div class=\"box box-shade dark box-text-bottom box-blog-post has-hover\">\n            \t\t\t\t\t<div class=\"box-image\" style=\"width:52%;\">\n  \t\t\t\t\t\t<div class=\"image-overlay-remove image-cover\" style=\"padding-top:56%;\">\n  \t\t\t\t\t\t\t<img width=\"300\" height=\"248\" src=\"https:\/\/iptc.vn\/sip\/wp-content\/uploads\/2021\/08\/Screenshot-2021-08-01-at-11.10.20-AM-300x248.png\" class=\"attachment-medium size-medium wp-post-image\" alt=\"\" loading=\"lazy\" srcset=\"https:\/\/iptc.vn\/sip\/wp-content\/uploads\/2021\/08\/Screenshot-2021-08-01-at-11.10.20-AM-300x248.png 300w, https:\/\/iptc.vn\/sip\/wp-content\/uploads\/2021\/08\/Screenshot-2021-08-01-at-11.10.20-AM-1024x848.png 1024w, https:\/\/iptc.vn\/sip\/wp-content\/uploads\/2021\/08\/Screenshot-2021-08-01-at-11.10.20-AM-768x636.png 768w, https:\/\/iptc.vn\/sip\/wp-content\/uploads\/2021\/08\/Screenshot-2021-08-01-at-11.10.20-AM-1536x1272.png 1536w, https:\/\/iptc.vn\/sip\/wp-content\/uploads\/2021\/08\/Screenshot-2021-08-01-at-11.10.20-AM.png 1630w\" sizes=\"(max-width: 300px) 100vw, 300px\" \/>  \t\t\t\t\t\t\t<div class=\"overlay\" style=\"background-color: rgba(0, 0, 0, 0.09)\"><\/div>  \t\t\t\t\t\t\t<div class=\"shade\"><\/div>  \t\t\t\t\t\t<\/div>\n  \t\t\t\t\t\t  \t\t\t\t\t<\/div>\n          \t\t\t\t\t<div class=\"box-text show-on-hover hover-bounce text-center is-large\" style=\"padding:10% 0px 10% 0px;\">\n\t\t\t\t\t<div class=\"box-text-inner blog-post-inner\">\n\n\t\t\t\t\t\n\t\t\t\t\t\t\t\t\t\t\t<p class=\"cat-label tag-label is-xxsmall op-7 uppercase\">\n\t\t\t\t\tD\u1ef1 \u00e1n \t\t\t\t\t<\/p>\n\t\t\t\t\t\t\t\t\t\t<h5 class=\"post-title is-large \">MeOwing (MS: 050)<\/h5>\n\t\t\t\t\t\t\t\t\t\t<div class=\"is-divider\"><\/div>\n\t\t\t\t\t                    \n\t\t\t\t\t\n\t\t\t\t\t\n\t\t\t\t\t<\/div>\n\t\t\t\t\t<\/div>\n\t\t\t\t\t\t\t\t\t<\/div>\n\t\t\t\t<\/a>\n\t\t\t<\/div>\n\t\t<\/div>\n\t\t<div class=\"col post-item\" >\n\t\t\t<div class=\"col-inner\">\n\t\t\t<a href=\"https:\/\/iptc.vn\/sip\/thiet-bi-thu-hoi-dien-tu-buoc-chan-ms-048\/\" class=\"plain\">\n\t\t\t\t<div class=\"box box-shade dark box-text-bottom box-blog-post has-hover\">\n            \t\t\t\t\t<div class=\"box-image\" style=\"width:52%;\">\n  \t\t\t\t\t\t<div class=\"image-overlay-remove image-cover\" style=\"padding-top:56%;\">\n  \t\t\t\t\t\t\t<img width=\"300\" height=\"126\" src=\"https:\/\/iptc.vn\/sip\/wp-content\/uploads\/2021\/07\/Screenshot-2021-07-31-at-8.03.54-AM-300x126.png\" class=\"attachment-medium size-medium wp-post-image\" alt=\"\" loading=\"lazy\" srcset=\"https:\/\/iptc.vn\/sip\/wp-content\/uploads\/2021\/07\/Screenshot-2021-07-31-at-8.03.54-AM-300x126.png 300w, https:\/\/iptc.vn\/sip\/wp-content\/uploads\/2021\/07\/Screenshot-2021-07-31-at-8.03.54-AM-1024x430.png 1024w, https:\/\/iptc.vn\/sip\/wp-content\/uploads\/2021\/07\/Screenshot-2021-07-31-at-8.03.54-AM-768x323.png 768w, https:\/\/iptc.vn\/sip\/wp-content\/uploads\/2021\/07\/Screenshot-2021-07-31-at-8.03.54-AM-1536x645.png 1536w, https:\/\/iptc.vn\/sip\/wp-content\/uploads\/2021\/07\/Screenshot-2021-07-31-at-8.03.54-AM.png 1804w\" sizes=\"(max-width: 300px) 100vw, 300px\" \/>  \t\t\t\t\t\t\t<div class=\"overlay\" style=\"background-color: rgba(0, 0, 0, 0.09)\"><\/div>  \t\t\t\t\t\t\t<div class=\"shade\"><\/div>  \t\t\t\t\t\t<\/div>\n  \t\t\t\t\t\t  \t\t\t\t\t<\/div>\n          \t\t\t\t\t<div class=\"box-text show-on-hover hover-bounce text-center is-large\" style=\"padding:10% 0px 10% 0px;\">\n\t\t\t\t\t<div class=\"box-text-inner blog-post-inner\">\n\n\t\t\t\t\t\n\t\t\t\t\t\t\t\t\t\t\t<p class=\"cat-label tag-label is-xxsmall op-7 uppercase\">\n\t\t\t\t\tD\u1ef1 \u00e1n \t\t\t\t\t<\/p>\n\t\t\t\t\t\t\t\t\t\t<h5 class=\"post-title is-large \">Thi\u1ebft b\u1ecb thu h\u1ed3i \u0111i\u1ec7n t\u1eeb b\u01b0\u1edbc ch\u00e2n (MS: 048)<\/h5>\n\t\t\t\t\t\t\t\t\t\t<div class=\"is-divider\"><\/div>\n\t\t\t\t\t                    \n\t\t\t\t\t\n\t\t\t\t\t\n\t\t\t\t\t<\/div>\n\t\t\t\t\t<\/div>\n\t\t\t\t\t\t\t\t\t<\/div>\n\t\t\t\t<\/a>\n\t\t\t<\/div>\n\t\t<\/div>\n\t\t<div class=\"col post-item\" >\n\t\t\t<div class=\"col-inner\">\n\t\t\t<a href=\"https:\/\/iptc.vn\/sip\/vun-art-ms-046\/\" class=\"plain\">\n\t\t\t\t<div class=\"box box-shade dark box-text-bottom box-blog-post has-hover\">\n            \t\t\t\t\t<div class=\"box-image\" style=\"width:52%;\">\n  \t\t\t\t\t\t<div class=\"image-overlay-remove image-cover\" style=\"padding-top:56%;\">\n  \t\t\t\t\t\t\t<img width=\"300\" height=\"224\" src=\"https:\/\/iptc.vn\/sip\/wp-content\/uploads\/2021\/07\/Screenshot-177-Nguyen-Thien-Phuc-300x224.png\" class=\"attachment-medium size-medium wp-post-image\" alt=\"\" loading=\"lazy\" srcset=\"https:\/\/iptc.vn\/sip\/wp-content\/uploads\/2021\/07\/Screenshot-177-Nguyen-Thien-Phuc-300x224.png 300w, https:\/\/iptc.vn\/sip\/wp-content\/uploads\/2021\/07\/Screenshot-177-Nguyen-Thien-Phuc.png 533w\" sizes=\"(max-width: 300px) 100vw, 300px\" \/>  \t\t\t\t\t\t\t<div class=\"overlay\" style=\"background-color: rgba(0, 0, 0, 0.09)\"><\/div>  \t\t\t\t\t\t\t<div class=\"shade\"><\/div>  \t\t\t\t\t\t<\/div>\n  \t\t\t\t\t\t  \t\t\t\t\t<\/div>\n          \t\t\t\t\t<div class=\"box-text show-on-hover hover-bounce text-center is-large\" style=\"padding:10% 0px 10% 0px;\">\n\t\t\t\t\t<div class=\"box-text-inner blog-post-inner\">\n\n\t\t\t\t\t\n\t\t\t\t\t\t\t\t\t\t\t<p class=\"cat-label tag-label is-xxsmall op-7 uppercase\">\n\t\t\t\t\tD\u1ef1 \u00e1n \t\t\t\t\t<\/p>\n\t\t\t\t\t\t\t\t\t\t<h5 class=\"post-title is-large \">V\u1ee4N ART (MS: 046)<\/h5>\n\t\t\t\t\t\t\t\t\t\t<div class=\"is-divider\"><\/div>\n\t\t\t\t\t                    \n\t\t\t\t\t\n\t\t\t\t\t\n\t\t\t\t\t<\/div>\n\t\t\t\t\t<\/div>\n\t\t\t\t\t\t\t\t\t<\/div>\n\t\t\t\t<\/a>\n\t\t\t<\/div>\n\t\t<\/div>\n\t\t<div class=\"col post-item\" >\n\t\t\t<div class=\"col-inner\">\n\t\t\t<a href=\"https:\/\/iptc.vn\/sip\/may-phat-dien-nano-ma-sat-teng-ung-dung-lam-do-choi-tre-em-ms-044\/\" class=\"plain\">\n\t\t\t\t<div class=\"box box-shade dark box-text-bottom box-blog-post has-hover\">\n            \t\t\t\t\t<div class=\"box-image\" style=\"width:52%;\">\n  \t\t\t\t\t\t<div class=\"image-overlay-remove image-cover\" style=\"padding-top:56%;\">\n  \t\t\t\t\t\t\t<img width=\"300\" height=\"197\" src=\"https:\/\/iptc.vn\/sip\/wp-content\/uploads\/2021\/07\/TENGKID-MINH-Le-Hoang-300x197.png\" class=\"attachment-medium size-medium wp-post-image\" alt=\"\" loading=\"lazy\" srcset=\"https:\/\/iptc.vn\/sip\/wp-content\/uploads\/2021\/07\/TENGKID-MINH-Le-Hoang-300x197.png 300w, https:\/\/iptc.vn\/sip\/wp-content\/uploads\/2021\/07\/TENGKID-MINH-Le-Hoang.png 546w\" sizes=\"(max-width: 300px) 100vw, 300px\" \/>  \t\t\t\t\t\t\t<div class=\"overlay\" style=\"background-color: rgba(0, 0, 0, 0.09)\"><\/div>  \t\t\t\t\t\t\t<div class=\"shade\"><\/div>  \t\t\t\t\t\t<\/div>\n  \t\t\t\t\t\t  \t\t\t\t\t<\/div>\n          \t\t\t\t\t<div class=\"box-text show-on-hover hover-bounce text-center is-large\" style=\"padding:10% 0px 10% 0px;\">\n\t\t\t\t\t<div class=\"box-text-inner blog-post-inner\">\n\n\t\t\t\t\t\n\t\t\t\t\t\t\t\t\t\t\t<p class=\"cat-label tag-label is-xxsmall op-7 uppercase\">\n\t\t\t\t\tD\u1ef1 \u00e1n \t\t\t\t\t<\/p>\n\t\t\t\t\t\t\t\t\t\t<h5 class=\"post-title is-large \">M\u00e1y ph\u00e1t \u0111i\u1ec7n nano ma s\u00e1t (TENG) \u1ee9ng d\u1ee5ng l\u00e0m \u0111\u1ed3 ch\u01a1i tr\u1ebb em (MS: 044)<\/h5>\n\t\t\t\t\t\t\t\t\t\t<div class=\"is-divider\"><\/div>\n\t\t\t\t\t                    \n\t\t\t\t\t\n\t\t\t\t\t\n\t\t\t\t\t<\/div>\n\t\t\t\t\t<\/div>\n\t\t\t\t\t\t\t\t\t<\/div>\n\t\t\t\t<\/a>\n\t\t\t<\/div>\n\t\t<\/div>\n\t\t<div class=\"col post-item\" >\n\t\t\t<div class=\"col-inner\">\n\t\t\t<a href=\"https:\/\/iptc.vn\/sip\/demanworks-on-demand-workforces-ms-042\/\" class=\"plain\">\n\t\t\t\t<div class=\"box box-shade dark box-text-bottom box-blog-post has-hover\">\n            \t\t\t\t\t<div class=\"box-image\" style=\"width:52%;\">\n  \t\t\t\t\t\t<div class=\"image-overlay-remove image-cover\" style=\"padding-top:56%;\">\n  \t\t\t\t\t\t\t<img width=\"300\" height=\"156\" src=\"https:\/\/iptc.vn\/sip\/wp-content\/uploads\/2021\/07\/SIP_Anh-minh-hoa-dai-dien_DemanWorks-App-T-K-300x156.png\" class=\"attachment-medium size-medium wp-post-image\" alt=\"\" loading=\"lazy\" srcset=\"https:\/\/iptc.vn\/sip\/wp-content\/uploads\/2021\/07\/SIP_Anh-minh-hoa-dai-dien_DemanWorks-App-T-K-300x156.png 300w, https:\/\/iptc.vn\/sip\/wp-content\/uploads\/2021\/07\/SIP_Anh-minh-hoa-dai-dien_DemanWorks-App-T-K-1024x531.png 1024w, https:\/\/iptc.vn\/sip\/wp-content\/uploads\/2021\/07\/SIP_Anh-minh-hoa-dai-dien_DemanWorks-App-T-K-768x398.png 768w, https:\/\/iptc.vn\/sip\/wp-content\/uploads\/2021\/07\/SIP_Anh-minh-hoa-dai-dien_DemanWorks-App-T-K-1536x796.png 1536w, https:\/\/iptc.vn\/sip\/wp-content\/uploads\/2021\/07\/SIP_Anh-minh-hoa-dai-dien_DemanWorks-App-T-K-2048x1062.png 2048w\" sizes=\"(max-width: 300px) 100vw, 300px\" \/>  \t\t\t\t\t\t\t<div class=\"overlay\" style=\"background-color: rgba(0, 0, 0, 0.09)\"><\/div>  \t\t\t\t\t\t\t<div class=\"shade\"><\/div>  \t\t\t\t\t\t<\/div>\n  \t\t\t\t\t\t  \t\t\t\t\t<\/div>\n          \t\t\t\t\t<div class=\"box-text show-on-hover hover-bounce text-center is-large\" style=\"padding:10% 0px 10% 0px;\">\n\t\t\t\t\t<div class=\"box-text-inner blog-post-inner\">\n\n\t\t\t\t\t\n\t\t\t\t\t\t\t\t\t\t\t<p class=\"cat-label tag-label is-xxsmall op-7 uppercase\">\n\t\t\t\t\tD\u1ef1 \u00e1n \t\t\t\t\t<\/p>\n\t\t\t\t\t\t\t\t\t\t<h5 class=\"post-title is-large \">DemanWorks (On-demand Workforces) (MS: 042)<\/h5>\n\t\t\t\t\t\t\t\t\t\t<div class=\"is-divider\"><\/div>\n\t\t\t\t\t                    \n\t\t\t\t\t\n\t\t\t\t\t\n\t\t\t\t\t<\/div>\n\t\t\t\t\t<\/div>\n\t\t\t\t\t\t\t\t\t<\/div>\n\t\t\t\t<\/a>\n\t\t\t<\/div>\n\t\t<\/div>\n\t\t<div class=\"col post-item\" >\n\t\t\t<div class=\"col-inner\">\n\t\t\t<a href=\"https:\/\/iptc.vn\/sip\/tra-len-men-mantra-kombucha-ms-040\/\" class=\"plain\">\n\t\t\t\t<div class=\"box box-shade dark box-text-bottom box-blog-post has-hover\">\n            \t\t\t\t\t<div class=\"box-image\" style=\"width:52%;\">\n  \t\t\t\t\t\t<div class=\"image-overlay-remove image-cover\" style=\"padding-top:56%;\">\n  \t\t\t\t\t\t\t<img width=\"300\" height=\"300\" src=\"https:\/\/iptc.vn\/sip\/wp-content\/uploads\/2021\/06\/Anh-dai-diencua-du-an-Van-Anh-Le-Thi-300x300.jpg\" class=\"attachment-medium size-medium wp-post-image\" alt=\"\" loading=\"lazy\" srcset=\"https:\/\/iptc.vn\/sip\/wp-content\/uploads\/2021\/06\/Anh-dai-diencua-du-an-Van-Anh-Le-Thi-300x300.jpg 300w, https:\/\/iptc.vn\/sip\/wp-content\/uploads\/2021\/06\/Anh-dai-diencua-du-an-Van-Anh-Le-Thi-1024x1024.jpg 1024w, https:\/\/iptc.vn\/sip\/wp-content\/uploads\/2021\/06\/Anh-dai-diencua-du-an-Van-Anh-Le-Thi-150x150.jpg 150w, https:\/\/iptc.vn\/sip\/wp-content\/uploads\/2021\/06\/Anh-dai-diencua-du-an-Van-Anh-Le-Thi-768x768.jpg 768w, https:\/\/iptc.vn\/sip\/wp-content\/uploads\/2021\/06\/Anh-dai-diencua-du-an-Van-Anh-Le-Thi-1536x1536.jpg 1536w, https:\/\/iptc.vn\/sip\/wp-content\/uploads\/2021\/06\/Anh-dai-diencua-du-an-Van-Anh-Le-Thi-2048x2048.jpg 2048w\" sizes=\"(max-width: 300px) 100vw, 300px\" \/>  \t\t\t\t\t\t\t<div class=\"overlay\" style=\"background-color: rgba(0, 0, 0, 0.09)\"><\/div>  \t\t\t\t\t\t\t<div class=\"shade\"><\/div>  \t\t\t\t\t\t<\/div>\n  \t\t\t\t\t\t  \t\t\t\t\t<\/div>\n          \t\t\t\t\t<div class=\"box-text show-on-hover hover-bounce text-center is-large\" style=\"padding:10% 0px 10% 0px;\">\n\t\t\t\t\t<div class=\"box-text-inner blog-post-inner\">\n\n\t\t\t\t\t\n\t\t\t\t\t\t\t\t\t\t\t<p class=\"cat-label tag-label is-xxsmall op-7 uppercase\">\n\t\t\t\t\tD\u1ef1 \u00e1n \t\t\t\t\t<\/p>\n\t\t\t\t\t\t\t\t\t\t<h5 class=\"post-title is-large \">Tr\u00e0 l\u00ean men Mantra Kombucha (MS: 040)<\/h5>\n\t\t\t\t\t\t\t\t\t\t<div class=\"is-divider\"><\/div>\n\t\t\t\t\t                    \n\t\t\t\t\t\n\t\t\t\t\t\n\t\t\t\t\t<\/div>\n\t\t\t\t\t<\/div>\n\t\t\t\t\t\t\t\t\t<\/div>\n\t\t\t\t<\/a>\n\t\t\t<\/div>\n\t\t<\/div>\n\t\t<div class=\"col post-item\" >\n\t\t\t<div class=\"col-inner\">\n\t\t\t<a href=\"https:\/\/iptc.vn\/sip\/talk-to-tree-cay-biet-noi-ms-038\/\" class=\"plain\">\n\t\t\t\t<div class=\"box box-shade dark box-text-bottom box-blog-post has-hover\">\n            \t\t\t\t\t<div class=\"box-image\" style=\"width:52%;\">\n  \t\t\t\t\t\t<div class=\"image-overlay-remove image-cover\" style=\"padding-top:56%;\">\n  \t\t\t\t\t\t\t<img width=\"300\" height=\"155\" src=\"https:\/\/iptc.vn\/sip\/wp-content\/uploads\/2021\/06\/Screenshot-2021-06-30-at-11.40.40-AM-300x155.png\" class=\"attachment-medium size-medium wp-post-image\" alt=\"\" loading=\"lazy\" srcset=\"https:\/\/iptc.vn\/sip\/wp-content\/uploads\/2021\/06\/Screenshot-2021-06-30-at-11.40.40-AM-300x155.png 300w, https:\/\/iptc.vn\/sip\/wp-content\/uploads\/2021\/06\/Screenshot-2021-06-30-at-11.40.40-AM-1024x530.png 1024w, https:\/\/iptc.vn\/sip\/wp-content\/uploads\/2021\/06\/Screenshot-2021-06-30-at-11.40.40-AM-768x397.png 768w, https:\/\/iptc.vn\/sip\/wp-content\/uploads\/2021\/06\/Screenshot-2021-06-30-at-11.40.40-AM.png 1226w\" sizes=\"(max-width: 300px) 100vw, 300px\" \/>  \t\t\t\t\t\t\t<div class=\"overlay\" style=\"background-color: rgba(0, 0, 0, 0.09)\"><\/div>  \t\t\t\t\t\t\t<div class=\"shade\"><\/div>  \t\t\t\t\t\t<\/div>\n  \t\t\t\t\t\t  \t\t\t\t\t<\/div>\n          \t\t\t\t\t<div class=\"box-text show-on-hover hover-bounce text-center is-large\" style=\"padding:10% 0px 10% 0px;\">\n\t\t\t\t\t<div class=\"box-text-inner blog-post-inner\">\n\n\t\t\t\t\t\n\t\t\t\t\t\t\t\t\t\t\t<p class=\"cat-label tag-label is-xxsmall op-7 uppercase\">\n\t\t\t\t\tD\u1ef1 \u00e1n \t\t\t\t\t<\/p>\n\t\t\t\t\t\t\t\t\t\t<h5 class=\"post-title is-large \">Talk to Tree &#8211; c\u00e2y bi\u1ebft n\u00f3i (MS: 038)<\/h5>\n\t\t\t\t\t\t\t\t\t\t<div class=\"is-divider\"><\/div>\n\t\t\t\t\t                    \n\t\t\t\t\t\n\t\t\t\t\t\n\t\t\t\t\t<\/div>\n\t\t\t\t\t<\/div>\n\t\t\t\t\t\t\t\t\t<\/div>\n\t\t\t\t<\/a>\n\t\t\t<\/div>\n\t\t<\/div>\n\t\t<div class=\"col post-item\" >\n\t\t\t<div class=\"col-inner\">\n\t\t\t<a href=\"https:\/\/iptc.vn\/sip\/vieswap-san-giao-dich-tien-dien-tu-ms-036\/\" class=\"plain\">\n\t\t\t\t<div class=\"box box-shade dark box-text-bottom box-blog-post has-hover\">\n            \t\t\t\t\t<div class=\"box-image\" style=\"width:52%;\">\n  \t\t\t\t\t\t<div class=\"image-overlay-remove image-cover\" style=\"padding-top:56%;\">\n  \t\t\t\t\t\t\t<img width=\"300\" height=\"169\" src=\"https:\/\/iptc.vn\/sip\/wp-content\/uploads\/2021\/06\/Giao-dien-VieSwap-Minh-Hoang-Tran-300x169.png\" class=\"attachment-medium size-medium wp-post-image\" alt=\"\" loading=\"lazy\" srcset=\"https:\/\/iptc.vn\/sip\/wp-content\/uploads\/2021\/06\/Giao-dien-VieSwap-Minh-Hoang-Tran-300x169.png 300w, https:\/\/iptc.vn\/sip\/wp-content\/uploads\/2021\/06\/Giao-dien-VieSwap-Minh-Hoang-Tran-1024x576.png 1024w, https:\/\/iptc.vn\/sip\/wp-content\/uploads\/2021\/06\/Giao-dien-VieSwap-Minh-Hoang-Tran-768x432.png 768w, https:\/\/iptc.vn\/sip\/wp-content\/uploads\/2021\/06\/Giao-dien-VieSwap-Minh-Hoang-Tran-1536x864.png 1536w, https:\/\/iptc.vn\/sip\/wp-content\/uploads\/2021\/06\/Giao-dien-VieSwap-Minh-Hoang-Tran.png 1920w\" sizes=\"(max-width: 300px) 100vw, 300px\" \/>  \t\t\t\t\t\t\t<div class=\"overlay\" style=\"background-color: rgba(0, 0, 0, 0.09)\"><\/div>  \t\t\t\t\t\t\t<div class=\"shade\"><\/div>  \t\t\t\t\t\t<\/div>\n  \t\t\t\t\t\t  \t\t\t\t\t<\/div>\n          \t\t\t\t\t<div class=\"box-text show-on-hover hover-bounce text-center is-large\" style=\"padding:10% 0px 10% 0px;\">\n\t\t\t\t\t<div class=\"box-text-inner blog-post-inner\">\n\n\t\t\t\t\t\n\t\t\t\t\t\t\t\t\t\t\t<p class=\"cat-label tag-label is-xxsmall op-7 uppercase\">\n\t\t\t\t\tD\u1ef1 \u00e1n \t\t\t\t\t<\/p>\n\t\t\t\t\t\t\t\t\t\t<h5 class=\"post-title is-large \">VieSwap -S\u00e0n giao d\u1ecbch ti\u1ec1n \u0111i\u1ec7n t\u1eed (MS: 036)<\/h5>\n\t\t\t\t\t\t\t\t\t\t<div class=\"is-divider\"><\/div>\n\t\t\t\t\t                    \n\t\t\t\t\t\n\t\t\t\t\t\n\t\t\t\t\t<\/div>\n\t\t\t\t\t<\/div>\n\t\t\t\t\t\t\t\t\t<\/div>\n\t\t\t\t<\/a>\n\t\t\t<\/div>\n\t\t<\/div>\n\t\t<div class=\"col post-item\" >\n\t\t\t<div class=\"col-inner\">\n\t\t\t<a href=\"https:\/\/iptc.vn\/sip\/may-say-nha-kinh-nang-luong-mat-troi-thong-minh-smart-greenhouse-solar-dryer-ms-034\/\" class=\"plain\">\n\t\t\t\t<div class=\"box box-shade dark box-text-bottom box-blog-post has-hover\">\n            \t\t\t\t\t<div class=\"box-image\" style=\"width:52%;\">\n  \t\t\t\t\t\t<div class=\"image-overlay-remove image-cover\" style=\"padding-top:56%;\">\n  \t\t\t\t\t\t\t<img width=\"300\" height=\"295\" src=\"https:\/\/iptc.vn\/sip\/wp-content\/uploads\/2021\/06\/Screenshot-2021-06-30-at-10.22.01-AM-300x295.png\" class=\"attachment-medium size-medium wp-post-image\" alt=\"\" loading=\"lazy\" srcset=\"https:\/\/iptc.vn\/sip\/wp-content\/uploads\/2021\/06\/Screenshot-2021-06-30-at-10.22.01-AM-300x295.png 300w, https:\/\/iptc.vn\/sip\/wp-content\/uploads\/2021\/06\/Screenshot-2021-06-30-at-10.22.01-AM-768x756.png 768w, https:\/\/iptc.vn\/sip\/wp-content\/uploads\/2021\/06\/Screenshot-2021-06-30-at-10.22.01-AM.png 986w\" sizes=\"(max-width: 300px) 100vw, 300px\" \/>  \t\t\t\t\t\t\t<div class=\"overlay\" style=\"background-color: rgba(0, 0, 0, 0.09)\"><\/div>  \t\t\t\t\t\t\t<div class=\"shade\"><\/div>  \t\t\t\t\t\t<\/div>\n  \t\t\t\t\t\t  \t\t\t\t\t<\/div>\n          \t\t\t\t\t<div class=\"box-text show-on-hover hover-bounce text-center is-large\" style=\"padding:10% 0px 10% 0px;\">\n\t\t\t\t\t<div class=\"box-text-inner blog-post-inner\">\n\n\t\t\t\t\t\n\t\t\t\t\t\t\t\t\t\t\t<p class=\"cat-label tag-label is-xxsmall op-7 uppercase\">\n\t\t\t\t\tD\u1ef1 \u00e1n \t\t\t\t\t<\/p>\n\t\t\t\t\t\t\t\t\t\t<h5 class=\"post-title is-large \">M\u00e1y s\u1ea5y nh\u00e0 k\u00ednh n\u0103ng l\u01b0\u1ee3ng m\u1eb7t tr\u1eddi th\u00f4ng minh &#8211; SMART GREENHOUSE SOLAR DRYER (MS: 034)<\/h5>\n\t\t\t\t\t\t\t\t\t\t<div class=\"is-divider\"><\/div>\n\t\t\t\t\t                    \n\t\t\t\t\t\n\t\t\t\t\t\n\t\t\t\t\t<\/div>\n\t\t\t\t\t<\/div>\n\t\t\t\t\t\t\t\t\t<\/div>\n\t\t\t\t<\/a>\n\t\t\t<\/div>\n\t\t<\/div>\n<\/div>\n\t\t<\/div>\n\t<\/div>\n\n\t\n<\/div>\n","protected":false},"excerpt":{"rendered":"","protected":false},"author":2,"featured_media":0,"parent":0,"menu_order":0,"comment_status":"closed","ping_status":"closed","template":"page-blank-title-center.php","meta":[],"_links":{"self":[{"href":"https:\/\/iptc.vn\/sip\/wp-json\/wp\/v2\/pages\/8"}],"collection":[{"href":"https:\/\/iptc.vn\/sip\/wp-json\/wp\/v2\/pages"}],"about":[{"href":"https:\/\/iptc.vn\/sip\/wp-json\/wp\/v2\/types\/page"}],"author":[{"embeddable":true,"href":"https:\/\/iptc.vn\/sip\/wp-json\/wp\/v2\/users\/2"}],"replies":[{"embeddable":true,"href":"https:\/\/iptc.vn\/sip\/wp-json\/wp\/v2\/comments?post=8"}],"version-history":[{"count":9,"href":"https:\/\/iptc.vn\/sip\/wp-json\/wp\/v2\/pages\/8\/revisions"}],"predecessor-version":[{"id":1066,"href":"https:\/\/iptc.vn\/sip\/wp-json\/wp\/v2\/pages\/8\/revisions\/1066"}],"wp:attachment":[{"href":"https:\/\/iptc.vn\/sip\/wp-json\/wp\/v2\/media?parent=8"}],"curies":[{"name":"wp","href":"https:\/\/api.w.org\/{rel}","templated":true}]}}